{"id":5083,"date":"2021-11-08T15:07:56","date_gmt":"2021-11-08T14:07:56","guid":{"rendered":"https:\/\/www.mobilierprofessionnel.com\/?post_type=product&#038;p=5083"},"modified":"2022-10-17T19:43:07","modified_gmt":"2022-10-17T17:43:07","slug":"f029-mardine","status":"publish","type":"product","link":"https:\/\/www.mobilierprofessionnel.com\/index.php\/produit\/f029-mardine\/","title":{"rendered":"F029 &#8211; MARDINE"},"content":{"rendered":"<p>Mobilier Professionnel vous proposent une large gamme de fauteuils <strong>personnalisable<\/strong>.<\/p>\n<p>Nous vous permettons d&rsquo;allier confort et solidit\u00e9 \u00e0 travers nos produits de <strong>qualit\u00e9<\/strong>.<\/p>\n<p>Le rev\u00eatement ainsi que la teinte de bois sont aux <strong>choix<\/strong>.<\/p>\n<p>Pour toutes informations suppl\u00e9mentaires, veuillez prendre contact avec l&rsquo;un de nos commerciaux munis de votre cahier des charges.<\/p>\n","protected":false},"excerpt":{"rendered":"<p>Mobilier Professionnel vous proposent une large gamme de fauteuils personnalisable. [&hellip;]<\/p>\n","protected":false},"featured_media":4796,"template":"","meta":[],"product_cat":[124],"product_tag":[],"yoast_head":"<!-- This site is optimized with the Yoast SEO plugin v22.5 - https:\/\/yoast.com\/wordpress\/plugins\/seo\/ -->\n<title>F029 - MARDINE - Mobilier Professionnel<\/title>\n<meta name=\"robots\" content=\"index, follow, max-snippet:-1, max-image-preview:large, max-video-preview:-1\" \/>\n<link rel=\"canonical\" href=\"https:\/\/www.mobilierprofessionnel.com\/index.php\/produit\/f029-mardine\/\" \/>\n<meta property=\"og:locale\" content=\"fr_FR\" \/>\n<meta property=\"og:type\" content=\"article\" \/>\n<meta property=\"og:title\" content=\"F029 - MARDINE - Mobilier Professionnel\" \/>\n<meta property=\"og:description\" content=\"Mobilier Professionnel vous proposent une large gamme de fauteuils personnalisable. [&hellip;]\" \/>\n<meta property=\"og:url\" content=\"https:\/\/www.mobilierprofessionnel.com\/index.php\/produit\/f029-mardine\/\" \/>\n<meta property=\"og:site_name\" content=\"Mobilier Professionnel\" \/>\n<meta property=\"article:modified_time\" content=\"2022-10-17T17:43:07+00:00\" \/>\n<meta property=\"og:image\" content=\"https:\/\/www.mobilierprofessionnel.com\/wp-content\/uploads\/2021\/11\/F029-SANDA-SFP0-687x1030-1.jpg\" \/>\n\t<meta property=\"og:image:width\" content=\"1000\" \/>\n\t<meta property=\"og:image:height\" content=\"1001\" \/>\n\t<meta property=\"og:image:type\" content=\"image\/jpeg\" \/>\n<meta name=\"twitter:card\" content=\"summary_large_image\" \/>\n<meta name=\"twitter:label1\" content=\"Dur\u00e9e de lecture estim\u00e9e\" \/>\n\t<meta name=\"twitter:data1\" content=\"1 minute\" \/>\n<script type=\"application\/ld+json\" class=\"yoast-schema-graph\">{\"@context\":\"https:\/\/schema.org\",\"@graph\":[{\"@type\":\"WebPage\",\"@id\":\"https:\/\/www.mobilierprofessionnel.com\/index.php\/produit\/f029-mardine\/\",\"url\":\"https:\/\/www.mobilierprofessionnel.com\/index.php\/produit\/f029-mardine\/\",\"name\":\"F029 - MARDINE - Mobilier Professionnel\",\"isPartOf\":{\"@id\":\"https:\/\/www.mobilierprofessionnel.com\/#website\"},\"primaryImageOfPage\":{\"@id\":\"https:\/\/www.mobilierprofessionnel.com\/index.php\/produit\/f029-mardine\/#primaryimage\"},\"image\":{\"@id\":\"https:\/\/www.mobilierprofessionnel.com\/index.php\/produit\/f029-mardine\/#primaryimage\"},\"thumbnailUrl\":\"https:\/\/www.mobilierprofessionnel.com\/wp-content\/uploads\/2021\/11\/F029-SANDA-SFP0-687x1030-1.jpg\",\"datePublished\":\"2021-11-08T14:07:56+00:00\",\"dateModified\":\"2022-10-17T17:43:07+00:00\",\"breadcrumb\":{\"@id\":\"https:\/\/www.mobilierprofessionnel.com\/index.php\/produit\/f029-mardine\/#breadcrumb\"},\"inLanguage\":\"fr-FR\",\"potentialAction\":[{\"@type\":\"ReadAction\",\"target\":[\"https:\/\/www.mobilierprofessionnel.com\/index.php\/produit\/f029-mardine\/\"]}]},{\"@type\":\"ImageObject\",\"inLanguage\":\"fr-FR\",\"@id\":\"https:\/\/www.mobilierprofessionnel.com\/index.php\/produit\/f029-mardine\/#primaryimage\",\"url\":\"https:\/\/www.mobilierprofessionnel.com\/wp-content\/uploads\/2021\/11\/F029-SANDA-SFP0-687x1030-1.jpg\",\"contentUrl\":\"https:\/\/www.mobilierprofessionnel.com\/wp-content\/uploads\/2021\/11\/F029-SANDA-SFP0-687x1030-1.jpg\",\"width\":1000,\"height\":1001,\"caption\":\"F029\"},{\"@type\":\"BreadcrumbList\",\"@id\":\"https:\/\/www.mobilierprofessionnel.com\/index.php\/produit\/f029-mardine\/#breadcrumb\",\"itemListElement\":[{\"@type\":\"ListItem\",\"position\":1,\"name\":\"Accueil\",\"item\":\"https:\/\/www.mobilierprofessionnel.com\/\"},{\"@type\":\"ListItem\",\"position\":2,\"name\":\"Nos produits\",\"item\":\"https:\/\/www.mobilierprofessionnel.com\/index.php\/produits\/\"},{\"@type\":\"ListItem\",\"position\":3,\"name\":\"F029 &#8211; MARDINE\"}]},{\"@type\":\"WebSite\",\"@id\":\"https:\/\/www.mobilierprofessionnel.com\/#website\",\"url\":\"https:\/\/www.mobilierprofessionnel.com\/\",\"name\":\"Mobilier Professionnel\",\"description\":\"Cr\u00e9ateur d&#039;ambiance CHR sur mesure\",\"potentialAction\":[{\"@type\":\"SearchAction\",\"target\":{\"@type\":\"EntryPoint\",\"urlTemplate\":\"https:\/\/www.mobilierprofessionnel.com\/?s={search_term_string}\"},\"query-input\":\"required name=search_term_string\"}],\"inLanguage\":\"fr-FR\"}]}<\/script>\n<!-- \/ Yoast SEO plugin. -->","yoast_head_json":{"title":"F029 - MARDINE - Mobilier Professionnel","robots":{"index":"index","follow":"follow","max-snippet":"max-snippet:-1","max-image-preview":"max-image-preview:large","max-video-preview":"max-video-preview:-1"},"canonical":"https:\/\/www.mobilierprofessionnel.com\/index.php\/produit\/f029-mardine\/","og_locale":"fr_FR","og_type":"article","og_title":"F029 - MARDINE - Mobilier Professionnel","og_description":"Mobilier Professionnel vous proposent une large gamme de fauteuils personnalisable. [&hellip;]","og_url":"https:\/\/www.mobilierprofessionnel.com\/index.php\/produit\/f029-mardine\/","og_site_name":"Mobilier Professionnel","article_modified_time":"2022-10-17T17:43:07+00:00","og_image":[{"width":1000,"height":1001,"url":"https:\/\/www.mobilierprofessionnel.com\/wp-content\/uploads\/2021\/11\/F029-SANDA-SFP0-687x1030-1.jpg","type":"image\/jpeg"}],"twitter_card":"summary_large_image","twitter_misc":{"Dur\u00e9e de lecture estim\u00e9e":"1 minute"},"schema":{"@context":"https:\/\/schema.org","@graph":[{"@type":"WebPage","@id":"https:\/\/www.mobilierprofessionnel.com\/index.php\/produit\/f029-mardine\/","url":"https:\/\/www.mobilierprofessionnel.com\/index.php\/produit\/f029-mardine\/","name":"F029 - MARDINE - Mobilier Professionnel","isPartOf":{"@id":"https:\/\/www.mobilierprofessionnel.com\/#website"},"primaryImageOfPage":{"@id":"https:\/\/www.mobilierprofessionnel.com\/index.php\/produit\/f029-mardine\/#primaryimage"},"image":{"@id":"https:\/\/www.mobilierprofessionnel.com\/index.php\/produit\/f029-mardine\/#primaryimage"},"thumbnailUrl":"https:\/\/www.mobilierprofessionnel.com\/wp-content\/uploads\/2021\/11\/F029-SANDA-SFP0-687x1030-1.jpg","datePublished":"2021-11-08T14:07:56+00:00","dateModified":"2022-10-17T17:43:07+00:00","breadcrumb":{"@id":"https:\/\/www.mobilierprofessionnel.com\/index.php\/produit\/f029-mardine\/#breadcrumb"},"inLanguage":"fr-FR","potentialAction":[{"@type":"ReadAction","target":["https:\/\/www.mobilierprofessionnel.com\/index.php\/produit\/f029-mardine\/"]}]},{"@type":"ImageObject","inLanguage":"fr-FR","@id":"https:\/\/www.mobilierprofessionnel.com\/index.php\/produit\/f029-mardine\/#primaryimage","url":"https:\/\/www.mobilierprofessionnel.com\/wp-content\/uploads\/2021\/11\/F029-SANDA-SFP0-687x1030-1.jpg","contentUrl":"https:\/\/www.mobilierprofessionnel.com\/wp-content\/uploads\/2021\/11\/F029-SANDA-SFP0-687x1030-1.jpg","width":1000,"height":1001,"caption":"F029"},{"@type":"BreadcrumbList","@id":"https:\/\/www.mobilierprofessionnel.com\/index.php\/produit\/f029-mardine\/#breadcrumb","itemListElement":[{"@type":"ListItem","position":1,"name":"Accueil","item":"https:\/\/www.mobilierprofessionnel.com\/"},{"@type":"ListItem","position":2,"name":"Nos produits","item":"https:\/\/www.mobilierprofessionnel.com\/index.php\/produits\/"},{"@type":"ListItem","position":3,"name":"F029 &#8211; MARDINE"}]},{"@type":"WebSite","@id":"https:\/\/www.mobilierprofessionnel.com\/#website","url":"https:\/\/www.mobilierprofessionnel.com\/","name":"Mobilier Professionnel","description":"Cr\u00e9ateur d&#039;ambiance CHR sur mesure","potentialAction":[{"@type":"SearchAction","target":{"@type":"EntryPoint","urlTemplate":"https:\/\/www.mobilierprofessionnel.com\/?s={search_term_string}"},"query-input":"required name=search_term_string"}],"inLanguage":"fr-FR"}]}},"_links":{"self":[{"href":"https:\/\/www.mobilierprofessionnel.com\/index.php\/wp-json\/wp\/v2\/product\/5083"}],"collection":[{"href":"https:\/\/www.mobilierprofessionnel.com\/index.php\/wp-json\/wp\/v2\/product"}],"about":[{"href":"https:\/\/www.mobilierprofessionnel.com\/index.php\/wp-json\/wp\/v2\/types\/product"}],"wp:featuredmedia":[{"embeddable":true,"href":"https:\/\/www.mobilierprofessionnel.com\/index.php\/wp-json\/wp\/v2\/media\/4796"}],"wp:attachment":[{"href":"https:\/\/www.mobilierprofessionnel.com\/index.php\/wp-json\/wp\/v2\/media?parent=5083"}],"wp:term":[{"taxonomy":"product_cat","embeddable":true,"href":"https:\/\/www.mobilierprofessionnel.com\/index.php\/wp-json\/wp\/v2\/product_cat?post=5083"},{"taxonomy":"product_tag","embeddable":true,"href":"https:\/\/www.mobilierprofessionnel.com\/index.php\/wp-json\/wp\/v2\/product_tag?post=5083"}],"curies":[{"name":"wp","href":"https:\/\/api.w.org\/{rel}","templated":true}]}}