{"id":4169,"date":"2021-11-04T14:38:44","date_gmt":"2021-11-04T13:38:44","guid":{"rendered":"https:\/\/www.mobilierprofessionnel.com\/?post_type=product&#038;p=4169"},"modified":"2022-09-19T15:13:01","modified_gmt":"2022-09-19T13:13:01","slug":"c015ac-santiago-ac","status":"publish","type":"product","link":"https:\/\/www.mobilierprofessionnel.com\/index.php\/produit\/c015ac-santiago-ac\/","title":{"rendered":"C015AC &#8211; SANTIAGO AC"},"content":{"rendered":"<p>Mobilier Professionnel vous proposent une large gamme de chaises personnalisable. Les chaises sont destin\u00e9es aux professionnels du CHR. La personnalisation des chaises vous permettra une harmonie id\u00e9ale avec le reste de votre \u00e9tablissement. Le rev\u00eatement ainsi que la teinte de bois sont au choix.<\/p>\n<p>Pour toutes informations suppl\u00e9mentaires, veuillez prendre contact avec l&rsquo;un de nos commerciaux munis de votre cahier des charges.<\/p>\n","protected":false},"excerpt":{"rendered":"<p>Le mobilier est fait sur mesure, rev\u00eatement au choix. La teinte des chaises en bois est au choix.<\/p>\n","protected":false},"featured_media":4170,"template":"","meta":[],"product_cat":[122],"product_tag":[],"yoast_head":"<!-- This site is optimized with the Yoast SEO plugin v22.5 - https:\/\/yoast.com\/wordpress\/plugins\/seo\/ -->\n<title>C015AC - SANTIAGO AC - Mobilier Professionnel<\/title>\n<meta name=\"robots\" content=\"index, follow, max-snippet:-1, max-image-preview:large, max-video-preview:-1\" \/>\n<link rel=\"canonical\" href=\"https:\/\/www.mobilierprofessionnel.com\/index.php\/produit\/c015ac-santiago-ac\/\" \/>\n<meta property=\"og:locale\" content=\"fr_FR\" \/>\n<meta property=\"og:type\" content=\"article\" \/>\n<meta property=\"og:title\" content=\"C015AC - SANTIAGO AC - Mobilier Professionnel\" \/>\n<meta property=\"og:description\" content=\"Le mobilier est fait sur mesure, rev\u00eatement au choix. La teinte des chaises en bois est au choix.\" \/>\n<meta property=\"og:url\" content=\"https:\/\/www.mobilierprofessionnel.com\/index.php\/produit\/c015ac-santiago-ac\/\" \/>\n<meta property=\"og:site_name\" content=\"Mobilier Professionnel\" \/>\n<meta property=\"article:modified_time\" content=\"2022-09-19T13:13:01+00:00\" \/>\n<meta property=\"og:image\" content=\"https:\/\/www.mobilierprofessionnel.com\/wp-content\/uploads\/2021\/11\/C015AC-A041-AL-1-copie.jpg\" \/>\n\t<meta property=\"og:image:width\" content=\"1000\" \/>\n\t<meta property=\"og:image:height\" content=\"1000\" \/>\n\t<meta property=\"og:image:type\" content=\"image\/jpeg\" \/>\n<meta name=\"twitter:card\" content=\"summary_large_image\" \/>\n<script type=\"application\/ld+json\" class=\"yoast-schema-graph\">{\"@context\":\"https:\/\/schema.org\",\"@graph\":[{\"@type\":\"WebPage\",\"@id\":\"https:\/\/www.mobilierprofessionnel.com\/index.php\/produit\/c015ac-santiago-ac\/\",\"url\":\"https:\/\/www.mobilierprofessionnel.com\/index.php\/produit\/c015ac-santiago-ac\/\",\"name\":\"C015AC - SANTIAGO AC - Mobilier Professionnel\",\"isPartOf\":{\"@id\":\"https:\/\/www.mobilierprofessionnel.com\/#website\"},\"primaryImageOfPage\":{\"@id\":\"https:\/\/www.mobilierprofessionnel.com\/index.php\/produit\/c015ac-santiago-ac\/#primaryimage\"},\"image\":{\"@id\":\"https:\/\/www.mobilierprofessionnel.com\/index.php\/produit\/c015ac-santiago-ac\/#primaryimage\"},\"thumbnailUrl\":\"https:\/\/www.mobilierprofessionnel.com\/wp-content\/uploads\/2021\/11\/C015AC-A041-AL-1-copie.jpg\",\"datePublished\":\"2021-11-04T13:38:44+00:00\",\"dateModified\":\"2022-09-19T13:13:01+00:00\",\"breadcrumb\":{\"@id\":\"https:\/\/www.mobilierprofessionnel.com\/index.php\/produit\/c015ac-santiago-ac\/#breadcrumb\"},\"inLanguage\":\"fr-FR\",\"potentialAction\":[{\"@type\":\"ReadAction\",\"target\":[\"https:\/\/www.mobilierprofessionnel.com\/index.php\/produit\/c015ac-santiago-ac\/\"]}]},{\"@type\":\"ImageObject\",\"inLanguage\":\"fr-FR\",\"@id\":\"https:\/\/www.mobilierprofessionnel.com\/index.php\/produit\/c015ac-santiago-ac\/#primaryimage\",\"url\":\"https:\/\/www.mobilierprofessionnel.com\/wp-content\/uploads\/2021\/11\/C015AC-A041-AL-1-copie.jpg\",\"contentUrl\":\"https:\/\/www.mobilierprofessionnel.com\/wp-content\/uploads\/2021\/11\/C015AC-A041-AL-1-copie.jpg\",\"width\":1000,\"height\":1000,\"caption\":\"C015AC\"},{\"@type\":\"BreadcrumbList\",\"@id\":\"https:\/\/www.mobilierprofessionnel.com\/index.php\/produit\/c015ac-santiago-ac\/#breadcrumb\",\"itemListElement\":[{\"@type\":\"ListItem\",\"position\":1,\"name\":\"Accueil\",\"item\":\"https:\/\/www.mobilierprofessionnel.com\/\"},{\"@type\":\"ListItem\",\"position\":2,\"name\":\"Nos produits\",\"item\":\"https:\/\/www.mobilierprofessionnel.com\/index.php\/produits\/\"},{\"@type\":\"ListItem\",\"position\":3,\"name\":\"C015AC &#8211; SANTIAGO AC\"}]},{\"@type\":\"WebSite\",\"@id\":\"https:\/\/www.mobilierprofessionnel.com\/#website\",\"url\":\"https:\/\/www.mobilierprofessionnel.com\/\",\"name\":\"Mobilier Professionnel\",\"description\":\"Cr\u00e9ateur d&#039;ambiance CHR sur mesure\",\"potentialAction\":[{\"@type\":\"SearchAction\",\"target\":{\"@type\":\"EntryPoint\",\"urlTemplate\":\"https:\/\/www.mobilierprofessionnel.com\/?s={search_term_string}\"},\"query-input\":\"required name=search_term_string\"}],\"inLanguage\":\"fr-FR\"}]}<\/script>\n<!-- \/ Yoast SEO plugin. -->","yoast_head_json":{"title":"C015AC - SANTIAGO AC - Mobilier Professionnel","robots":{"index":"index","follow":"follow","max-snippet":"max-snippet:-1","max-image-preview":"max-image-preview:large","max-video-preview":"max-video-preview:-1"},"canonical":"https:\/\/www.mobilierprofessionnel.com\/index.php\/produit\/c015ac-santiago-ac\/","og_locale":"fr_FR","og_type":"article","og_title":"C015AC - SANTIAGO AC - Mobilier Professionnel","og_description":"Le mobilier est fait sur mesure, rev\u00eatement au choix. La teinte des chaises en bois est au choix.","og_url":"https:\/\/www.mobilierprofessionnel.com\/index.php\/produit\/c015ac-santiago-ac\/","og_site_name":"Mobilier Professionnel","article_modified_time":"2022-09-19T13:13:01+00:00","og_image":[{"width":1000,"height":1000,"url":"https:\/\/www.mobilierprofessionnel.com\/wp-content\/uploads\/2021\/11\/C015AC-A041-AL-1-copie.jpg","type":"image\/jpeg"}],"twitter_card":"summary_large_image","schema":{"@context":"https:\/\/schema.org","@graph":[{"@type":"WebPage","@id":"https:\/\/www.mobilierprofessionnel.com\/index.php\/produit\/c015ac-santiago-ac\/","url":"https:\/\/www.mobilierprofessionnel.com\/index.php\/produit\/c015ac-santiago-ac\/","name":"C015AC - SANTIAGO AC - Mobilier Professionnel","isPartOf":{"@id":"https:\/\/www.mobilierprofessionnel.com\/#website"},"primaryImageOfPage":{"@id":"https:\/\/www.mobilierprofessionnel.com\/index.php\/produit\/c015ac-santiago-ac\/#primaryimage"},"image":{"@id":"https:\/\/www.mobilierprofessionnel.com\/index.php\/produit\/c015ac-santiago-ac\/#primaryimage"},"thumbnailUrl":"https:\/\/www.mobilierprofessionnel.com\/wp-content\/uploads\/2021\/11\/C015AC-A041-AL-1-copie.jpg","datePublished":"2021-11-04T13:38:44+00:00","dateModified":"2022-09-19T13:13:01+00:00","breadcrumb":{"@id":"https:\/\/www.mobilierprofessionnel.com\/index.php\/produit\/c015ac-santiago-ac\/#breadcrumb"},"inLanguage":"fr-FR","potentialAction":[{"@type":"ReadAction","target":["https:\/\/www.mobilierprofessionnel.com\/index.php\/produit\/c015ac-santiago-ac\/"]}]},{"@type":"ImageObject","inLanguage":"fr-FR","@id":"https:\/\/www.mobilierprofessionnel.com\/index.php\/produit\/c015ac-santiago-ac\/#primaryimage","url":"https:\/\/www.mobilierprofessionnel.com\/wp-content\/uploads\/2021\/11\/C015AC-A041-AL-1-copie.jpg","contentUrl":"https:\/\/www.mobilierprofessionnel.com\/wp-content\/uploads\/2021\/11\/C015AC-A041-AL-1-copie.jpg","width":1000,"height":1000,"caption":"C015AC"},{"@type":"BreadcrumbList","@id":"https:\/\/www.mobilierprofessionnel.com\/index.php\/produit\/c015ac-santiago-ac\/#breadcrumb","itemListElement":[{"@type":"ListItem","position":1,"name":"Accueil","item":"https:\/\/www.mobilierprofessionnel.com\/"},{"@type":"ListItem","position":2,"name":"Nos produits","item":"https:\/\/www.mobilierprofessionnel.com\/index.php\/produits\/"},{"@type":"ListItem","position":3,"name":"C015AC &#8211; SANTIAGO AC"}]},{"@type":"WebSite","@id":"https:\/\/www.mobilierprofessionnel.com\/#website","url":"https:\/\/www.mobilierprofessionnel.com\/","name":"Mobilier Professionnel","description":"Cr\u00e9ateur d&#039;ambiance CHR sur mesure","potentialAction":[{"@type":"SearchAction","target":{"@type":"EntryPoint","urlTemplate":"https:\/\/www.mobilierprofessionnel.com\/?s={search_term_string}"},"query-input":"required name=search_term_string"}],"inLanguage":"fr-FR"}]}},"_links":{"self":[{"href":"https:\/\/www.mobilierprofessionnel.com\/index.php\/wp-json\/wp\/v2\/product\/4169"}],"collection":[{"href":"https:\/\/www.mobilierprofessionnel.com\/index.php\/wp-json\/wp\/v2\/product"}],"about":[{"href":"https:\/\/www.mobilierprofessionnel.com\/index.php\/wp-json\/wp\/v2\/types\/product"}],"wp:featuredmedia":[{"embeddable":true,"href":"https:\/\/www.mobilierprofessionnel.com\/index.php\/wp-json\/wp\/v2\/media\/4170"}],"wp:attachment":[{"href":"https:\/\/www.mobilierprofessionnel.com\/index.php\/wp-json\/wp\/v2\/media?parent=4169"}],"wp:term":[{"taxonomy":"product_cat","embeddable":true,"href":"https:\/\/www.mobilierprofessionnel.com\/index.php\/wp-json\/wp\/v2\/product_cat?post=4169"},{"taxonomy":"product_tag","embeddable":true,"href":"https:\/\/www.mobilierprofessionnel.com\/index.php\/wp-json\/wp\/v2\/product_tag?post=4169"}],"curies":[{"name":"wp","href":"https:\/\/api.w.org\/{rel}","templated":true}]}}