{"id":3951,"date":"2021-11-04T19:22:19","date_gmt":"2021-11-04T18:22:19","guid":{"rendered":"https:\/\/www.mobilierprofessionnel.com\/?post_type=product&#038;p=3951"},"modified":"2022-10-17T19:01:46","modified_gmt":"2022-10-17T17:01:46","slug":"b007-hetre","status":"publish","type":"product","link":"https:\/\/www.mobilierprofessionnel.com\/index.php\/produit\/b007-hetre\/","title":{"rendered":"B007 &#8211; H\u00caTRE"},"content":{"rendered":"<p>Les banquettes Mobilier Professionnel sont fabriqu\u00e9es <strong>sur mesure<\/strong> au sein de nos ateliers situ\u00e9 en <strong>France<\/strong>.<\/p>\n<p>Elles sont destin\u00e9es aux professionnels du <strong>CHR<\/strong> <em>(Caf\u00e9s &#8211; H\u00f4tel &#8211; Restaurant)<\/em> mais peuvent \u00e9galement servir \u00e0 tous types de professionnel \u00e0 la recherche de mobilier de qualit\u00e9.<\/p>\n<p>La personnalisation du mobilier en termes de dimension et rev\u00eatement permet la cr\u00e9ation d&rsquo;un produit unique pour votre \u00e9tablissement.<\/p>\n<p>Nous disposons de nombreuses gammes de cuir, tissus, simili cuir, velours.<\/p>\n<p>Le bois peut \u00eatre teint\u00e9 et assorti aux restes de votre mobiliers ou d\u00e9coration existante.<\/p>\n<p>La fixation des banquettes est possible. Le d\u00e9lai de fabrication est variable selon nos plannings de production.<\/p>\n<p>Pour toutes informations suppl\u00e9mentaires, veuillez prendre contact avec l&rsquo;un de nos commerciaux munis de votre cahier des charges.<\/p>\n","protected":false},"excerpt":{"rendered":"<p>Les banquettes Mobilier Professionnel sont fabriqu\u00e9es sur mesure au sein [&hellip;]<\/p>\n","protected":false},"featured_media":3952,"template":"","meta":[],"product_cat":[121],"product_tag":[],"yoast_head":"<!-- This site is optimized with the Yoast SEO plugin v22.5 - https:\/\/yoast.com\/wordpress\/plugins\/seo\/ -->\n<title>B007 - H\u00caTRE - Mobilier Professionnel<\/title>\n<meta name=\"robots\" content=\"index, follow, max-snippet:-1, max-image-preview:large, max-video-preview:-1\" \/>\n<link rel=\"canonical\" href=\"https:\/\/www.mobilierprofessionnel.com\/index.php\/produit\/b007-hetre\/\" \/>\n<meta property=\"og:locale\" content=\"fr_FR\" \/>\n<meta property=\"og:type\" content=\"article\" \/>\n<meta property=\"og:title\" content=\"B007 - H\u00caTRE - Mobilier Professionnel\" \/>\n<meta property=\"og:description\" content=\"Les banquettes Mobilier Professionnel sont fabriqu\u00e9es sur mesure au sein [&hellip;]\" \/>\n<meta property=\"og:url\" content=\"https:\/\/www.mobilierprofessionnel.com\/index.php\/produit\/b007-hetre\/\" \/>\n<meta property=\"og:site_name\" content=\"Mobilier Professionnel\" \/>\n<meta property=\"article:modified_time\" content=\"2022-10-17T17:01:46+00:00\" \/>\n<meta property=\"og:image\" content=\"https:\/\/www.mobilierprofessionnel.com\/wp-content\/uploads\/2021\/11\/B007-1.jpg\" \/>\n\t<meta property=\"og:image:width\" content=\"1000\" \/>\n\t<meta property=\"og:image:height\" content=\"667\" \/>\n\t<meta property=\"og:image:type\" content=\"image\/jpeg\" \/>\n<meta name=\"twitter:card\" content=\"summary_large_image\" \/>\n<meta name=\"twitter:label1\" content=\"Dur\u00e9e de lecture estim\u00e9e\" \/>\n\t<meta name=\"twitter:data1\" content=\"1 minute\" \/>\n<script type=\"application\/ld+json\" class=\"yoast-schema-graph\">{\"@context\":\"https:\/\/schema.org\",\"@graph\":[{\"@type\":\"WebPage\",\"@id\":\"https:\/\/www.mobilierprofessionnel.com\/index.php\/produit\/b007-hetre\/\",\"url\":\"https:\/\/www.mobilierprofessionnel.com\/index.php\/produit\/b007-hetre\/\",\"name\":\"B007 - H\u00caTRE - Mobilier Professionnel\",\"isPartOf\":{\"@id\":\"https:\/\/www.mobilierprofessionnel.com\/#website\"},\"primaryImageOfPage\":{\"@id\":\"https:\/\/www.mobilierprofessionnel.com\/index.php\/produit\/b007-hetre\/#primaryimage\"},\"image\":{\"@id\":\"https:\/\/www.mobilierprofessionnel.com\/index.php\/produit\/b007-hetre\/#primaryimage\"},\"thumbnailUrl\":\"https:\/\/www.mobilierprofessionnel.com\/wp-content\/uploads\/2021\/11\/B007-1.jpg\",\"datePublished\":\"2021-11-04T18:22:19+00:00\",\"dateModified\":\"2022-10-17T17:01:46+00:00\",\"breadcrumb\":{\"@id\":\"https:\/\/www.mobilierprofessionnel.com\/index.php\/produit\/b007-hetre\/#breadcrumb\"},\"inLanguage\":\"fr-FR\",\"potentialAction\":[{\"@type\":\"ReadAction\",\"target\":[\"https:\/\/www.mobilierprofessionnel.com\/index.php\/produit\/b007-hetre\/\"]}]},{\"@type\":\"ImageObject\",\"inLanguage\":\"fr-FR\",\"@id\":\"https:\/\/www.mobilierprofessionnel.com\/index.php\/produit\/b007-hetre\/#primaryimage\",\"url\":\"https:\/\/www.mobilierprofessionnel.com\/wp-content\/uploads\/2021\/11\/B007-1.jpg\",\"contentUrl\":\"https:\/\/www.mobilierprofessionnel.com\/wp-content\/uploads\/2021\/11\/B007-1.jpg\",\"width\":1000,\"height\":667,\"caption\":\"B007\"},{\"@type\":\"BreadcrumbList\",\"@id\":\"https:\/\/www.mobilierprofessionnel.com\/index.php\/produit\/b007-hetre\/#breadcrumb\",\"itemListElement\":[{\"@type\":\"ListItem\",\"position\":1,\"name\":\"Accueil\",\"item\":\"https:\/\/www.mobilierprofessionnel.com\/\"},{\"@type\":\"ListItem\",\"position\":2,\"name\":\"Nos produits\",\"item\":\"https:\/\/www.mobilierprofessionnel.com\/index.php\/produits\/\"},{\"@type\":\"ListItem\",\"position\":3,\"name\":\"B007 &#8211; H\u00caTRE\"}]},{\"@type\":\"WebSite\",\"@id\":\"https:\/\/www.mobilierprofessionnel.com\/#website\",\"url\":\"https:\/\/www.mobilierprofessionnel.com\/\",\"name\":\"Mobilier Professionnel\",\"description\":\"Cr\u00e9ateur d&#039;ambiance CHR sur mesure\",\"potentialAction\":[{\"@type\":\"SearchAction\",\"target\":{\"@type\":\"EntryPoint\",\"urlTemplate\":\"https:\/\/www.mobilierprofessionnel.com\/?s={search_term_string}\"},\"query-input\":\"required name=search_term_string\"}],\"inLanguage\":\"fr-FR\"}]}<\/script>\n<!-- \/ Yoast SEO plugin. -->","yoast_head_json":{"title":"B007 - H\u00caTRE - Mobilier Professionnel","robots":{"index":"index","follow":"follow","max-snippet":"max-snippet:-1","max-image-preview":"max-image-preview:large","max-video-preview":"max-video-preview:-1"},"canonical":"https:\/\/www.mobilierprofessionnel.com\/index.php\/produit\/b007-hetre\/","og_locale":"fr_FR","og_type":"article","og_title":"B007 - H\u00caTRE - Mobilier Professionnel","og_description":"Les banquettes Mobilier Professionnel sont fabriqu\u00e9es sur mesure au sein [&hellip;]","og_url":"https:\/\/www.mobilierprofessionnel.com\/index.php\/produit\/b007-hetre\/","og_site_name":"Mobilier Professionnel","article_modified_time":"2022-10-17T17:01:46+00:00","og_image":[{"width":1000,"height":667,"url":"https:\/\/www.mobilierprofessionnel.com\/wp-content\/uploads\/2021\/11\/B007-1.jpg","type":"image\/jpeg"}],"twitter_card":"summary_large_image","twitter_misc":{"Dur\u00e9e de lecture estim\u00e9e":"1 minute"},"schema":{"@context":"https:\/\/schema.org","@graph":[{"@type":"WebPage","@id":"https:\/\/www.mobilierprofessionnel.com\/index.php\/produit\/b007-hetre\/","url":"https:\/\/www.mobilierprofessionnel.com\/index.php\/produit\/b007-hetre\/","name":"B007 - H\u00caTRE - Mobilier Professionnel","isPartOf":{"@id":"https:\/\/www.mobilierprofessionnel.com\/#website"},"primaryImageOfPage":{"@id":"https:\/\/www.mobilierprofessionnel.com\/index.php\/produit\/b007-hetre\/#primaryimage"},"image":{"@id":"https:\/\/www.mobilierprofessionnel.com\/index.php\/produit\/b007-hetre\/#primaryimage"},"thumbnailUrl":"https:\/\/www.mobilierprofessionnel.com\/wp-content\/uploads\/2021\/11\/B007-1.jpg","datePublished":"2021-11-04T18:22:19+00:00","dateModified":"2022-10-17T17:01:46+00:00","breadcrumb":{"@id":"https:\/\/www.mobilierprofessionnel.com\/index.php\/produit\/b007-hetre\/#breadcrumb"},"inLanguage":"fr-FR","potentialAction":[{"@type":"ReadAction","target":["https:\/\/www.mobilierprofessionnel.com\/index.php\/produit\/b007-hetre\/"]}]},{"@type":"ImageObject","inLanguage":"fr-FR","@id":"https:\/\/www.mobilierprofessionnel.com\/index.php\/produit\/b007-hetre\/#primaryimage","url":"https:\/\/www.mobilierprofessionnel.com\/wp-content\/uploads\/2021\/11\/B007-1.jpg","contentUrl":"https:\/\/www.mobilierprofessionnel.com\/wp-content\/uploads\/2021\/11\/B007-1.jpg","width":1000,"height":667,"caption":"B007"},{"@type":"BreadcrumbList","@id":"https:\/\/www.mobilierprofessionnel.com\/index.php\/produit\/b007-hetre\/#breadcrumb","itemListElement":[{"@type":"ListItem","position":1,"name":"Accueil","item":"https:\/\/www.mobilierprofessionnel.com\/"},{"@type":"ListItem","position":2,"name":"Nos produits","item":"https:\/\/www.mobilierprofessionnel.com\/index.php\/produits\/"},{"@type":"ListItem","position":3,"name":"B007 &#8211; H\u00caTRE"}]},{"@type":"WebSite","@id":"https:\/\/www.mobilierprofessionnel.com\/#website","url":"https:\/\/www.mobilierprofessionnel.com\/","name":"Mobilier Professionnel","description":"Cr\u00e9ateur d&#039;ambiance CHR sur mesure","potentialAction":[{"@type":"SearchAction","target":{"@type":"EntryPoint","urlTemplate":"https:\/\/www.mobilierprofessionnel.com\/?s={search_term_string}"},"query-input":"required name=search_term_string"}],"inLanguage":"fr-FR"}]}},"_links":{"self":[{"href":"https:\/\/www.mobilierprofessionnel.com\/index.php\/wp-json\/wp\/v2\/product\/3951"}],"collection":[{"href":"https:\/\/www.mobilierprofessionnel.com\/index.php\/wp-json\/wp\/v2\/product"}],"about":[{"href":"https:\/\/www.mobilierprofessionnel.com\/index.php\/wp-json\/wp\/v2\/types\/product"}],"wp:featuredmedia":[{"embeddable":true,"href":"https:\/\/www.mobilierprofessionnel.com\/index.php\/wp-json\/wp\/v2\/media\/3952"}],"wp:attachment":[{"href":"https:\/\/www.mobilierprofessionnel.com\/index.php\/wp-json\/wp\/v2\/media?parent=3951"}],"wp:term":[{"taxonomy":"product_cat","embeddable":true,"href":"https:\/\/www.mobilierprofessionnel.com\/index.php\/wp-json\/wp\/v2\/product_cat?post=3951"},{"taxonomy":"product_tag","embeddable":true,"href":"https:\/\/www.mobilierprofessionnel.com\/index.php\/wp-json\/wp\/v2\/product_tag?post=3951"}],"curies":[{"name":"wp","href":"https:\/\/api.w.org\/{rel}","templated":true}]}}